{"id":158,"date":"2025-04-07T10:33:44","date_gmt":"2025-04-07T08:33:44","guid":{"rendered":"https:\/\/www.michael-klaus.com\/?page_id=158"},"modified":"2025-04-07T10:34:31","modified_gmt":"2025-04-07T08:34:31","slug":"privacy-policy-datenschutzerklaerung","status":"publish","type":"page","link":"https:\/\/www.michael-klaus.com\/?page_id=158","title":{"rendered":"Privacy Policy \/ Datenschutzerkl\u00e4rung"},"content":{"rendered":"\n<p><strong>Information \u00fcber die Erhebung personenbezogener Daten\u2028<\/strong><br>(1) Im Folgenden informiere ich \u00fcber die Erhebung personenbezogener Daten bei Nutzung meiner Website. Personenbezogene Daten sind alle Daten, die auf Sie pers\u00f6nlich beziehbar sind, z. B. Name, Adresse, E-Mail-Adressen, Nutzerverhalten.<br>(2) Verantwortlicher gem. Art. 4 Abs. 7 EU-Datenschutz-Grundverordnung (DS-GVO) ist:<\/p>\n\n\n\n<p>Michael Klaus<br>Karl-Kunger-Stra\u00dfe 13<br>12435 Berlin<\/p>\n\n\n\n<p>(3) Bei Ihrer Kontaktaufnahme per E-Mail werden die von Ihnen mitgeteilten Daten (Ihre E-Mail-Adresse und Ihr Name) von mir gespeichert, um Ihre Fragen zu beantworten. Die in diesem Zusammenhang anfallenden Daten l\u00f6sche ich, nachdem die Speicherung nicht mehr erforderlich ist, oder schr\u00e4nke die Verarbeitung ein, falls gesetzliche Aufbewahrungspflichten bestehen.<\/p>\n\n\n\n<p><strong>Ihre Rechte<br><\/strong>\u2028(1) Sie haben gegen\u00fcber mir folgende Rechte hinsichtlich der Sie betreffenden personenbezogenen Daten:<\/p>\n\n\n\n<p><strong>Recht auf Auskunft<br><\/strong>\u2028Sie haben im Rahmen der gesetzlichen Bestimmungen das Recht, jederzeit Auskunft \u00fcber Ihre gespeicherten personenbezogenen Daten, deren Herkunft und Empf\u00e4nger und den Zweck der Datenverarbeitung zu verlangen. Die Auskunftserteilung erfolgt unentgeltlich.<\/p>\n\n\n\n<p><strong>Recht auf Berichtigung oder L\u00f6schung<\/strong><br>Sofern keine gesetzlichen Aufbewahrungspflichten bestehen, k\u00f6nnen Sie im Rahmen der gesetzlichen Bestimmungen jederzeit von mir verlangen, dass ich Ihre Daten berichtigen oder l\u00f6schen.<\/p>\n\n\n\n<p><strong>Recht auf Einschr\u00e4nkung der Verarbeitung<\/strong><br>Sie k\u00f6nnen im Rahmen der der gesetzlichen Bestimmungen jederzeit von mir verlangen, dass ich die Verarbeitung Ihrer Daten einschr\u00e4nken.<\/p>\n\n\n\n<p><strong>Recht auf Daten\u00fcbertragbarkeit<br><\/strong>\u2028Sie haben das Recht, Daten, die ich auf Grundlage Ihrer Einwilligung oder in Erf\u00fcllung eines Vertrags automatisiert verarbeiten, an sich oder an einen Dritten in einem g\u00e4ngigen, maschinenlesbaren Format aush\u00e4ndigen zu lassen. Sofern Sie die direkte \u00dcbertragung der Daten an einen anderen Verantwortlichen verlangen, erfolgt dies nur, soweit es technisch machbar ist.<\/p>\n\n\n\n<p>(2) Sie haben zudem das Recht, sich bei einer Datenschutz-Aufsichtsbeh\u00f6rde \u00fcber die Verarbeitung Ihrer personenbezogenen Daten durch mich zu beschweren.<\/p>\n\n\n\n<p><strong>Erhebung personenbezogener Daten bei Besuch unserer Website<\/strong><br>Bei der blo\u00df informatorischen Nutzung der Website, also wenn Sie sich nicht registrieren oder uns anderweitig Informationen \u00fcbermitteln, erhebe ich nur die personenbezogenen Daten, die Ihr Browser an unseren Server \u00fcbermittelt. Wenn Sie meine Website betrachten m\u00f6chten, erhebe ich die folgenden Daten, die f\u00fcr mich technisch erforderlich sind, um Ihnen meine Website anzuzeigen und die Stabilit\u00e4t und Sicherheit zu gew\u00e4hrleisten (Rechtsgrundlage ist Art. 6 Abs. 1 S. 1 lit. f DS-GVO):<\/p>\n\n\n\n<p>\u2013 IP-Adresse\u2028\u2013 Datum und Uhrzeit der Anfrage<br>\u2013 Zeitzonendifferenz zur Greenwich Mean Time (GMT)<br>\u2013 Inhalt der Anforderung (konkrete Seite)<br>\u2013 Zugriffsstatus\/HTTP-Statuscode<br>\u2013 jeweils \u00fcbertragene Datenmenge<br>\u2013 Website, von der die Anforderung kommt<br>\u2013 Browser<br>\u2013 Betriebssystem und dessen Oberfl\u00e4che<br>\u2013 Sprache und Version der Browsersoftware.<\/p>\n\n\n\n<p><strong>Social Media-Links<br><\/strong>Auf meiner Website sind Links zu Instagram eingebunden. Wird ein solcher Link angeklickt, erfolgt eine Weiterleitung auf die Seite des jeweiligen Anbieters. In diesem Fall werden Daten an den jeweiligen Anbieter \u00fcbertragen. Wie der jeweilige Anbieter mit diesen Daten umgeht, ist dabei dessen jeweiligen Datenschutzbestimmungen durch Aufruf des entsprechenden Links zu entnehmen:<br>Instagram: <a href=\"https:\/\/instagram.com\/about\/legal\/privacy\/\" target=\"_blank\" rel=\"noreferrer noopener\">https:\/\/instagram.com\/about\/legal\/privacy\/<\/a>.<\/p>\n","protected":false},"excerpt":{"rendered":"<p>Information \u00fcber die Erhebung personenbezogener Daten\u2028(1) Im Folgenden informiere ich \u00fcber die Erhebung personenbezogener Daten bei Nutzung meiner Website. Personenbezogene Daten sind alle Daten, die auf Sie pers\u00f6nlich beziehbar sind, z. B. Name, Adresse, E-Mail-Adressen, Nutzerverhalten.(2) Verantwortlicher gem. Art. 4 Abs. 7 EU-Datenschutz-Grundverordnung (DS-GVO) ist: Michael KlausKarl-Kunger-Stra\u00dfe 1312435 Berlin (3) Bei Ihrer Kontaktaufnahme per E-Mail\u2026 <a class=\"excerpt-dot\" href=\"https:\/\/www.michael-klaus.com\/?page_id=158\" title=\"Privacy Policy \/ Datenschutzerkl\u00e4rung\"><svg xmlns=\"http:\/\/www.w3.org\/2000\/svg\" version=\"1.1\" x=\"0\" y=\"0\" width=\"30.2\" height=\"14.2\" viewBox=\"0 0 30.2 14.2\" enable-background=\"new 0 0 30.167 14.168\" xml:space=\"preserve\"><path d=\"M0.1 7.1c0-0.4 0.4-0.8 0.8-0.8h26.5l-5-4.9c-0.3-0.3-0.3-0.8 0-1.1 0.3-0.3 0.8-0.3 1.1 0l6.3 6.2c0.3 0.3 0.3 0.8 0 1.1l-6.3 6.2c-0.2 0.2-0.4 0.2-0.6 0.2 -0.2 0-0.4-0.1-0.6-0.2 -0.3-0.3-0.3-0.8 0-1.1l4.9-4.8H0.9C0.5 7.9 0.1 7.6 0.1 7.1z\"\/><\/svg><\/a><\/p>\n","protected":false},"author":1,"featured_media":0,"parent":0,"menu_order":0,"comment_status":"closed","ping_status":"closed","template":"","meta":{"footnotes":""},"class_list":["post-158","page","type-page","status-publish","hentry"],"_links":{"self":[{"href":"https:\/\/www.michael-klaus.com\/index.php?rest_route=\/wp\/v2\/pages\/158","targetHints":{"allow":["GET"]}}],"collection":[{"href":"https:\/\/www.michael-klaus.com\/index.php?rest_route=\/wp\/v2\/pages"}],"about":[{"href":"https:\/\/www.michael-klaus.com\/index.php?rest_route=\/wp\/v2\/types\/page"}],"author":[{"embeddable":true,"href":"https:\/\/www.michael-klaus.com\/index.php?rest_route=\/wp\/v2\/users\/1"}],"replies":[{"embeddable":true,"href":"https:\/\/www.michael-klaus.com\/index.php?rest_route=%2Fwp%2Fv2%2Fcomments&post=158"}],"version-history":[{"count":3,"href":"https:\/\/www.michael-klaus.com\/index.php?rest_route=\/wp\/v2\/pages\/158\/revisions"}],"predecessor-version":[{"id":194,"href":"https:\/\/www.michael-klaus.com\/index.php?rest_route=\/wp\/v2\/pages\/158\/revisions\/194"}],"wp:attachment":[{"href":"https:\/\/www.michael-klaus.com\/index.php?rest_route=%2Fwp%2Fv2%2Fmedia&parent=158"}],"curies":[{"name":"wp","href":"https:\/\/api.w.org\/{rel}","templated":true}]}}