{"id":191,"date":"2025-04-07T10:35:09","date_gmt":"2025-04-07T08:35:09","guid":{"rendered":"https:\/\/www.michael-klaus.com\/?page_id=191"},"modified":"2025-04-07T10:35:31","modified_gmt":"2025-04-07T08:35:31","slug":"imprint","status":"publish","type":"page","link":"https:\/\/www.michael-klaus.com\/?page_id=191","title":{"rendered":"Imprint"},"content":{"rendered":"\n<p>Copyright by Michael Klaus \u2013 All Rights Reserved<\/p>\n\n\n\n<p>Michael Klaus<br>Fotodesigner<br>Karl-Kunger-Stra\u00dfe 13<br>12435 Berlin<\/p>\n\n\n\n<p>Telefon: +49 (0) 160 947 875 82<br>E-Mail: info@michael-klaus.com<\/p>\n\n\n\n<p>Umsatzsteuer-Identifikationsnummer gem\u00e4\u00df \u00a7 27 a Umsatzsteuergesetz:<br>DE 278 444 365<\/p>\n\n\n\n<p>Alle gezeigten Arbeiten unterliegen dem Copyright und d\u00fcrfen durch kein Aufzeichnungsverfahren zur Weiterverwendung benutzt werden, wenn daf\u00fcr vom Photographen keine schriftliche Genehmigung vorliegt. Jede nicht genehmigte Nutzung ist ausdr\u00fccklich untersagt und kann Schadensersatzanspr\u00fcche sowie strafrechtliche Folgen nach sich ziehen.<\/p>\n\n\n\n<p>Inhaltlich Verantwortlicher nach \u00a7 10 Absatz 3 MDStV:\u2028 Michael Klaus<\/p>\n\n\n\n<p>Haftungshinweis:<br>Trotz sorgf\u00e4ltiger inhaltlicher Kontrolle \u00fcbernehmen wir keine Haftung f\u00fcr die Inhalte externer Links. F\u00fcr den Inhalt der verlinkten Seiten sind ausschlie\u00dflich deren Betreiber verantwortlich.<\/p>\n\n\n\n<p><a href=\"https:\/\/www.michael-klaus.com\/?page_id=158\" data-type=\"page\" data-id=\"158\">Privacy Policy \/ Datenschutzerkl\u00e4rung<\/a><\/p>\n","protected":false},"excerpt":{"rendered":"<p>Copyright by Michael Klaus \u2013 All Rights Reserved Michael KlausFotodesignerKarl-Kunger-Stra\u00dfe 1312435 Berlin Telefon: +49 (0) 160 947 875 82E-Mail: info@michael-klaus.com Umsatzsteuer-Identifikationsnummer gem\u00e4\u00df \u00a7 27 a Umsatzsteuergesetz:DE 278 444 365 Alle gezeigten Arbeiten unterliegen dem Copyright und d\u00fcrfen durch kein Aufzeichnungsverfahren zur Weiterverwendung benutzt werden, wenn daf\u00fcr vom Photographen keine schriftliche Genehmigung vorliegt. Jede nicht genehmigte\u2026 <a class=\"excerpt-dot\" href=\"https:\/\/www.michael-klaus.com\/?page_id=191\" title=\"Imprint\"><svg xmlns=\"http:\/\/www.w3.org\/2000\/svg\" version=\"1.1\" x=\"0\" y=\"0\" width=\"30.2\" height=\"14.2\" viewBox=\"0 0 30.2 14.2\" enable-background=\"new 0 0 30.167 14.168\" xml:space=\"preserve\"><path d=\"M0.1 7.1c0-0.4 0.4-0.8 0.8-0.8h26.5l-5-4.9c-0.3-0.3-0.3-0.8 0-1.1 0.3-0.3 0.8-0.3 1.1 0l6.3 6.2c0.3 0.3 0.3 0.8 0 1.1l-6.3 6.2c-0.2 0.2-0.4 0.2-0.6 0.2 -0.2 0-0.4-0.1-0.6-0.2 -0.3-0.3-0.3-0.8 0-1.1l4.9-4.8H0.9C0.5 7.9 0.1 7.6 0.1 7.1z\"\/><\/svg><\/a><\/p>\n","protected":false},"author":1,"featured_media":0,"parent":0,"menu_order":0,"comment_status":"closed","ping_status":"closed","template":"","meta":{"footnotes":""},"class_list":["post-191","page","type-page","status-publish","hentry"],"_links":{"self":[{"href":"https:\/\/www.michael-klaus.com\/index.php?rest_route=\/wp\/v2\/pages\/191","targetHints":{"allow":["GET"]}}],"collection":[{"href":"https:\/\/www.michael-klaus.com\/index.php?rest_route=\/wp\/v2\/pages"}],"about":[{"href":"https:\/\/www.michael-klaus.com\/index.php?rest_route=\/wp\/v2\/types\/page"}],"author":[{"embeddable":true,"href":"https:\/\/www.michael-klaus.com\/index.php?rest_route=\/wp\/v2\/users\/1"}],"replies":[{"embeddable":true,"href":"https:\/\/www.michael-klaus.com\/index.php?rest_route=%2Fwp%2Fv2%2Fcomments&post=191"}],"version-history":[{"count":3,"href":"https:\/\/www.michael-klaus.com\/index.php?rest_route=\/wp\/v2\/pages\/191\/revisions"}],"predecessor-version":[{"id":195,"href":"https:\/\/www.michael-klaus.com\/index.php?rest_route=\/wp\/v2\/pages\/191\/revisions\/195"}],"wp:attachment":[{"href":"https:\/\/www.michael-klaus.com\/index.php?rest_route=%2Fwp%2Fv2%2Fmedia&parent=191"}],"curies":[{"name":"wp","href":"https:\/\/api.w.org\/{rel}","templated":true}]}}